{"id":2,"date":"2016-05-10T03:48:21","date_gmt":"2016-05-10T03:48:21","guid":{"rendered":"http:\/\/rusticoverzasca.ch\/?page_id=2"},"modified":"2025-04-21T15:16:59","modified_gmt":"2025-04-21T15:16:59","slug":"sample-page","status":"publish","type":"page","link":"https:\/\/rusticoverzasca.ch\/","title":{"rendered":"Willkommen im Verzascatal"},"content":{"rendered":"\n<div class=\"wp-block-columns is-layout-flex wp-container-core-columns-is-layout-9d6595d7 wp-block-columns-is-layout-flex\">\n<div class=\"wp-block-column is-layout-flow wp-block-column-is-layout-flow\">\n<p>Dieses komfortable Rustico liegt an ruhiger Lage im Weiler &#8222;Pregossa&#8220; am Anfang des Verzascatals in der Gemeinde Vogorno.<br><br>Locarno und der Lago Maggiore sind innert kurzer Distanz erreichbar. Eine Wohnk\u00fcche und ein Zimmer mit Schlafgalerie bieten Platz f\u00fcr bis zu vier Personen. Im Wohnbereich sorgt ein Schwedenofen f\u00fcr eine wundersch\u00f6ne, rustikale Atmosph\u00e4re.<br><br>Das Rustico liegt eingebettet zwischen Reben mit Blick auf den Lago di Vogorno. Unter der Pergola sitzt man gem\u00fctlich am Steintisch und vergisst bei einem Glas Wein den Alltag.<\/p>\n<\/div>\n\n\n\n<div class=\"wp-block-column is-layout-flow wp-block-column-is-layout-flow\">\n<figure class=\"wp-block-image size-large\"><img loading=\"lazy\" decoding=\"async\" width=\"768\" height=\"1024\" src=\"https:\/\/rusticoverzasca.ch\/wp-content\/uploads\/2025\/04\/5-768x1024.jpg\" alt=\"\" class=\"wp-image-69\" srcset=\"https:\/\/rusticoverzasca.ch\/wp-content\/uploads\/2025\/04\/5-768x1024.jpg 768w, https:\/\/rusticoverzasca.ch\/wp-content\/uploads\/2025\/04\/5-225x300.jpg 225w, https:\/\/rusticoverzasca.ch\/wp-content\/uploads\/2025\/04\/5-1152x1536.jpg 1152w, https:\/\/rusticoverzasca.ch\/wp-content\/uploads\/2025\/04\/5-1536x2048.jpg 1536w, https:\/\/rusticoverzasca.ch\/wp-content\/uploads\/2025\/04\/5.jpg 1920w\" sizes=\"auto, (max-width: 706px) 89vw, (max-width: 767px) 82vw, 740px\" \/><\/figure>\n<\/div>\n<\/div>\n","protected":false},"excerpt":{"rendered":"<p>Dieses komfortable Rustico liegt an ruhiger Lage im Weiler &#8222;Pregossa&#8220; am Anfang des Verzascatals in der Gemeinde Vogorno. Locarno und der Lago Maggiore sind innert kurzer Distanz erreichbar. Eine Wohnk\u00fcche und ein Zimmer mit Schlafgalerie bieten Platz f\u00fcr bis zu vier Personen. Im Wohnbereich sorgt ein Schwedenofen f\u00fcr eine wundersch\u00f6ne, rustikale Atmosph\u00e4re. Das Rustico liegt &hellip; <\/p>\n<p class=\"link-more\"><a href=\"https:\/\/rusticoverzasca.ch\/\" class=\"more-link\"><span class=\"screen-reader-text\">\u201eWillkommen im Verzascatal\u201c <\/span>weiterlesen<\/a><\/p>\n","protected":false},"author":1,"featured_media":0,"parent":0,"menu_order":0,"comment_status":"closed","ping_status":"open","template":"","meta":{"footnotes":""},"class_list":["post-2","page","type-page","status-publish","hentry"],"_links":{"self":[{"href":"https:\/\/rusticoverzasca.ch\/index.php?rest_route=\/wp\/v2\/pages\/2","targetHints":{"allow":["GET"]}}],"collection":[{"href":"https:\/\/rusticoverzasca.ch\/index.php?rest_route=\/wp\/v2\/pages"}],"about":[{"href":"https:\/\/rusticoverzasca.ch\/index.php?rest_route=\/wp\/v2\/types\/page"}],"author":[{"embeddable":true,"href":"https:\/\/rusticoverzasca.ch\/index.php?rest_route=\/wp\/v2\/users\/1"}],"replies":[{"embeddable":true,"href":"https:\/\/rusticoverzasca.ch\/index.php?rest_route=%2Fwp%2Fv2%2Fcomments&post=2"}],"version-history":[{"count":13,"href":"https:\/\/rusticoverzasca.ch\/index.php?rest_route=\/wp\/v2\/pages\/2\/revisions"}],"predecessor-version":[{"id":150,"href":"https:\/\/rusticoverzasca.ch\/index.php?rest_route=\/wp\/v2\/pages\/2\/revisions\/150"}],"wp:attachment":[{"href":"https:\/\/rusticoverzasca.ch\/index.php?rest_route=%2Fwp%2Fv2%2Fmedia&parent=2"}],"curies":[{"name":"wp","href":"https:\/\/api.w.org\/{rel}","templated":true}]}}